{"id":11,"date":"2020-02-22T17:26:56","date_gmt":"2020-02-22T17:26:56","guid":{"rendered":"https:\/\/andennaturals.com\/blog\/?page_id=11"},"modified":"2021-12-27T17:46:30","modified_gmt":"2021-12-27T22:46:30","slug":"anden-naturals","status":"publish","type":"page","link":"https:\/\/andennaturals.com\/blog\/","title":{"rendered":"Inicio"},"content":{"rendered":"\n<section class=\"wp-block-uagb-columns uagb-columns__wrap uagb-columns__background-undefined uagb-columns__stack-mobile uagb-columns__valign-undefined uagb-columns__gap-0 alignwide uagb-block-d4791964 section-with-sticky-post\"><div class=\"uagb-columns__overlay\"><\/div><div class=\"uagb-columns__inner-wrap uagb-columns__columns-2\">\n<div class=\"wp-block-uagb-column uagb-column__wrap uagb-column__background-undefined uagb-block-77f2afbe column-sticky\"><div class=\"uagb-column__overlay\"><\/div><div class=\"uagb-column__inner-wrap\"><div  class=\"wp-block-ultimate-post-post-grid-3 ultp-block-ff17c8 square-post\"><div class=\"ultp-block-wrapper\"><div class=\"ultp-loading\"><div class=\"ultp-loading-blocks\" style=\"width:100%;height:100%;\"><div style=\"left: 0;top: 0;animation-delay:0s;\"><\/div><div style=\"left: 21px;top: 0;animation-delay:0.125s;\"><\/div><div style=\"left: 42px;top: 0;animation-delay:0.25s;\"><\/div><div style=\"left: 0;top: 21px;animation-delay:0.875s;\"><\/div><div style=\"left: 42px;top: 21px;animation-delay:0.375s;\"><\/div><div style=\"left: 0;top: 42px;animation-delay:0.75s;\"><\/div><div style=\"left: 42px;top: 42px;animation-delay:0.625s;\"><\/div><div style=\"left: 21px;top: 42px;animation-delay:0.5s;\"><\/div><\/div><\/div><div class=\"ultp-block-items-wrap ultp-block-row ultp-layout1 ultp-block-column1\"><div class=\"ultp-block-item post-id-2125\"><div class=\"ultp-block-content-wrap ultp-block-content-overlay\"><div class=\"ultp-block-image ultp-block-image-zoomIn ultp-block-image-overlay ultp-block-image-custom\"><a href=\"https:\/\/andennaturals.com\/blog\/opinion\/caso-de-exito-recuperar-la-calidad-de-vida\/\" ><img decoding=\"async\"  alt=\"Caso de \u00e9xito: recuperar la calidad de vida\"  src=\"https:\/\/andennaturals.com\/blog\/wp-content\/uploads\/2022\/05\/Artboard-3-copy.jpg\" \/><\/a><\/div><div class=\"ultp-block-content ultp-block-content-bottomPosition\"><div class=\"ultp-block-content-inner\"><div class=\"ultp-category-grid ultp-category-classic ultp-category-aboveTitle\"><div class=\"ultp-category-in\"><a class=\"ultp-cat-opinion\" href=\"https:\/\/andennaturals.com\/blog\/category\/opinion\/\"  >Opini\u00f3n<\/a><\/div><\/div><h3 class=\"ultp-block-title \"><a href=\"https:\/\/andennaturals.com\/blog\/opinion\/caso-de-exito-recuperar-la-calidad-de-vida\/\" >Caso de \u00e9xito: recuperar la calidad de vida<\/a><\/h3><div class=\"ultp-block-meta ultp-block-meta-dot ultp-block-meta-noIcon\"><span class=\"ultp-block-author\">By<a href=\"https:\/\/andennaturals.com\/blog\/author\/anden-naturals\/\">Anden Naturals<\/a><\/span><\/div><div class=\"ultp-block-excerpt\"><p>Ofelia Orellana, usuaria de productos naturales de uso en salud&nbsp; de Anden Naturals, consume productos derivados de&nbsp; cannabis para uso&hellip;<\/p>\n<\/div><\/div><\/div><\/div><\/div><\/div><\/div><\/div><\/div><\/div>\n\n\n\n<div class=\"wp-block-uagb-column uagb-column__wrap uagb-column__background-undefined uagb-block-b914ff84 lateralHome\"><div class=\"uagb-column__overlay\"><\/div><div class=\"uagb-column__inner-wrap\"><div  class=\"wp-block-ultimate-post-post-grid-1 ultp-block-4f06f9 vertical-posts\"><div class=\"ultp-block-wrapper\"><div class=\"ultp-loading\"><div class=\"ultp-loading-blocks\" style=\"width:100%;height:100%;\"><div style=\"left: 0;top: 0;animation-delay:0s;\"><\/div><div style=\"left: 21px;top: 0;animation-delay:0.125s;\"><\/div><div style=\"left: 42px;top: 0;animation-delay:0.25s;\"><\/div><div style=\"left: 0;top: 21px;animation-delay:0.875s;\"><\/div><div style=\"left: 42px;top: 21px;animation-delay:0.375s;\"><\/div><div style=\"left: 0;top: 42px;animation-delay:0.75s;\"><\/div><div style=\"left: 42px;top: 42px;animation-delay:0.625s;\"><\/div><div style=\"left: 21px;top: 42px;animation-delay:0.5s;\"><\/div><\/div><\/div><div class=\"ultp-heading-filter\"><div class=\"ultp-heading-filter-in\"><div class=\"ultp-filter-navigation\"><\/div><\/div><\/div><div class=\"ultp-block-items-wrap ultp-block-row ultp-pg1a-style1 ultp-block-column-2 ultp-layout1\"><div class=\"ultp-block-item post-id-2123\"><div class=\"ultp-block-content-wrap\"><div class=\"ultp-block-image ultp-block-image-zoomIn\"><a href=\"https:\/\/andennaturals.com\/blog\/investigacion\/es-seguro-consumir-cbd-durante-el-embarazo-y-la-lactancia\/\" ><img decoding=\"async\"  alt=\"\u00bfEs seguro consumir CBD durante el embarazo y la lactancia?\"  src=\"https:\/\/andennaturals.com\/blog\/wp-content\/uploads\/2022\/05\/1.png\" \/><\/a><\/div><div class=\"ultp-block-content\"><div class=\"ultp-category-grid ultp-category-classic ultp-category-aboveTitle\"><div class=\"ultp-category-in\"><a class=\"ultp-cat-investigacion\" href=\"https:\/\/andennaturals.com\/blog\/category\/investigacion\/\"  >Investigaci\u00f3n<\/a><\/div><\/div><h3 class=\"ultp-block-title \"><a href=\"https:\/\/andennaturals.com\/blog\/investigacion\/es-seguro-consumir-cbd-durante-el-embarazo-y-la-lactancia\/\" >\u00bfEs seguro consumir CBD durante el embarazo y la lactancia?<\/a><\/h3><div class=\"ultp-block-meta ultp-block-meta-dot ultp-block-meta-noIcon\"><span class=\"ultp-block-author\">By<a href=\"https:\/\/andennaturals.com\/blog\/author\/anden-naturals\/\">Anden Naturals<\/a><\/span><\/div><div class=\"ultp-block-excerpt\"><p>Las investigaciones sobre el uso de CBD durante la gestaci\u00f3n y el&hellip;<\/p>\n<\/div><\/div><\/div><\/div><div class=\"ultp-block-item post-id-2121\"><div class=\"ultp-block-content-wrap\"><div class=\"ultp-block-image ultp-block-image-zoomIn\"><a href=\"https:\/\/andennaturals.com\/blog\/evidencia\/cbd-y-psoriasis\/\" ><img decoding=\"async\"  alt=\"CBD y psoriasis\"  src=\"https:\/\/andennaturals.com\/blog\/wp-content\/uploads\/2022\/05\/3.png\" \/><\/a><\/div><div class=\"ultp-block-content\"><div class=\"ultp-category-grid ultp-category-classic ultp-category-aboveTitle\"><div class=\"ultp-category-in\"><a class=\"ultp-cat-evidencia\" href=\"https:\/\/andennaturals.com\/blog\/category\/evidencia\/\"  >Evidencia<\/a><\/div><\/div><h3 class=\"ultp-block-title \"><a href=\"https:\/\/andennaturals.com\/blog\/evidencia\/cbd-y-psoriasis\/\" >CBD y psoriasis<\/a><\/h3><div class=\"ultp-block-meta ultp-block-meta-dot ultp-block-meta-noIcon\"><span class=\"ultp-block-author\">By<a href=\"https:\/\/andennaturals.com\/blog\/author\/anden-naturals\/\">Anden Naturals<\/a><\/span><\/div><div class=\"ultp-block-excerpt\"><p>La evidencia cient\u00edfica m\u00e1s reciente se\u00f1ala que el cannabidiol podr\u00eda ofrecer resultados&hellip;<\/p>\n<\/div><\/div><\/div><\/div><div class=\"ultp-block-item post-id-2116\"><div class=\"ultp-block-content-wrap\"><div class=\"ultp-block-image ultp-block-image-zoomIn\"><a href=\"https:\/\/andennaturals.com\/blog\/evidencia\/cannabis-medicinal-genera-adiccion\/\" ><img decoding=\"async\"  alt=\"Cannabis medicinal: \u00bfGenera adicci\u00f3n?\"  src=\"https:\/\/andennaturals.com\/blog\/wp-content\/uploads\/2022\/05\/2.png\" \/><\/a><\/div><div class=\"ultp-block-content\"><div class=\"ultp-category-grid ultp-category-classic ultp-category-aboveTitle\"><div class=\"ultp-category-in\"><a class=\"ultp-cat-evidencia\" href=\"https:\/\/andennaturals.com\/blog\/category\/evidencia\/\"  >Evidencia<\/a><\/div><\/div><h3 class=\"ultp-block-title \"><a href=\"https:\/\/andennaturals.com\/blog\/evidencia\/cannabis-medicinal-genera-adiccion\/\" >Cannabis medicinal: \u00bfGenera adicci\u00f3n?<\/a><\/h3><div class=\"ultp-block-meta ultp-block-meta-dot ultp-block-meta-noIcon\"><span class=\"ultp-block-author\">By<a href=\"https:\/\/andennaturals.com\/blog\/author\/anden-naturals\/\">Anden Naturals<\/a><\/span><\/div><div class=\"ultp-block-excerpt\"><p>Investigaciones cient\u00edficas e importantes organismos de la salud mundial reconocen al CBD&hellip;<\/p>\n<\/div><\/div><\/div><\/div><div class=\"ultp-block-item post-id-2111\"><div class=\"ultp-block-content-wrap\"><div class=\"ultp-block-image ultp-block-image-zoomIn\"><a href=\"https:\/\/andennaturals.com\/blog\/opinion\/pronto-fabricaremos-un-producto-100-peruano\/\" ><img decoding=\"async\"  alt=\"\u201cPronto fabricaremos un producto 100% peruano\u201d\"  src=\"https:\/\/andennaturals.com\/blog\/wp-content\/uploads\/2022\/05\/Cuadado-tamano-blog.jpg\" \/><\/a><\/div><div class=\"ultp-block-content\"><div class=\"ultp-category-grid ultp-category-classic ultp-category-aboveTitle\"><div class=\"ultp-category-in\"><a class=\"ultp-cat-opinion\" href=\"https:\/\/andennaturals.com\/blog\/category\/opinion\/\"  >Opini\u00f3n<\/a><\/div><\/div><h3 class=\"ultp-block-title \"><a href=\"https:\/\/andennaturals.com\/blog\/opinion\/pronto-fabricaremos-un-producto-100-peruano\/\" >\u201cPronto fabricaremos un producto 100% peruano\u201d<\/a><\/h3><div class=\"ultp-block-meta ultp-block-meta-dot ultp-block-meta-noIcon\"><span class=\"ultp-block-author\">By<a href=\"https:\/\/andennaturals.com\/blog\/author\/anden-naturals\/\">Anden Naturals<\/a><\/span><\/div><div class=\"ultp-block-excerpt\"><p>Curt Schwarz, CEO de Anden Naturals, reflexiona sobre la importancia de la&hellip;<\/p>\n<\/div><\/div><\/div><\/div><div class=\"ultp-block-item post-id-2095\"><div class=\"ultp-block-content-wrap\"><div class=\"ultp-block-image ultp-block-image-zoomIn\"><a href=\"https:\/\/andennaturals.com\/blog\/evidencia\/cbd-el-aval-de-la-oms\/\" ><img decoding=\"async\"  alt=\"CBD: el reporte de la OMS\"  src=\"https:\/\/andennaturals.com\/blog\/wp-content\/uploads\/2022\/04\/3-1.png\" \/><\/a><\/div><div class=\"ultp-block-content\"><div class=\"ultp-category-grid ultp-category-classic ultp-category-aboveTitle\"><div class=\"ultp-category-in\"><a class=\"ultp-cat-evidencia\" href=\"https:\/\/andennaturals.com\/blog\/category\/evidencia\/\"  >Evidencia<\/a><\/div><\/div><h3 class=\"ultp-block-title \"><a href=\"https:\/\/andennaturals.com\/blog\/evidencia\/cbd-el-aval-de-la-oms\/\" >CBD: el reporte de la OMS<\/a><\/h3><div class=\"ultp-block-meta ultp-block-meta-dot ultp-block-meta-noIcon\"><span class=\"ultp-block-author\">By<a href=\"https:\/\/andennaturals.com\/blog\/author\/anden-naturals\/\">Anden Naturals<\/a><\/span><\/div><div class=\"ultp-block-excerpt\"><p>Cada d\u00eda que pasa se reconoce m\u00e1s el potencial terap\u00e9utico del cannabis&hellip;<\/p>\n<\/div><\/div><\/div><\/div><div class=\"ultp-block-item post-id-2092\"><div class=\"ultp-block-content-wrap\"><div class=\"ultp-block-image ultp-block-image-zoomIn\"><a href=\"https:\/\/andennaturals.com\/blog\/investigacion\/cbd-y-enfermedades-cronicas-todo-lo-que-debes-saber\/\" ><img decoding=\"async\"  alt=\"CBD y enfermedades cr\u00f3nicas: todo lo que debes saber\"  src=\"https:\/\/andennaturals.com\/blog\/wp-content\/uploads\/2022\/04\/1.png\" \/><\/a><\/div><div class=\"ultp-block-content\"><div class=\"ultp-category-grid ultp-category-classic ultp-category-aboveTitle\"><div class=\"ultp-category-in\"><a class=\"ultp-cat-investigacion\" href=\"https:\/\/andennaturals.com\/blog\/category\/investigacion\/\"  >Investigaci\u00f3n<\/a><\/div><\/div><h3 class=\"ultp-block-title \"><a href=\"https:\/\/andennaturals.com\/blog\/investigacion\/cbd-y-enfermedades-cronicas-todo-lo-que-debes-saber\/\" >CBD y enfermedades cr\u00f3nicas: todo lo que debes saber<\/a><\/h3><div class=\"ultp-block-meta ultp-block-meta-dot ultp-block-meta-noIcon\"><span class=\"ultp-block-author\">By<a href=\"https:\/\/andennaturals.com\/blog\/author\/anden-naturals\/\">Anden Naturals<\/a><\/span><\/div><div class=\"ultp-block-excerpt\"><p>Las personas afectadas por enfermedades cr\u00f3nicas requieren de un dedicado apoyo psicol\u00f3gico&hellip;<\/p>\n<\/div><\/div><\/div><\/div><span class=\"ultp-loadmore-insert-before\"><\/span><\/div><div class=\"ultp-loadmore\"><span class=\"ultp-loadmore-action\" tabindex=\"0\" role=\"button\" data-pages=\"11\" data-pagenum=\"1\" data-blockid=\"4f06f9\" data-blockname=\"ultimate-post_post-grid-1\" data-postid=\"11\" >Ver m\u00e1s <span class=\"ultp-spin\"><svg enable-background=\"new 0 0 491.236 491.236\" version=\"1.1\" viewBox=\"0 0 491.24 491.24\"><path d=\"m55.89 262.82c-3-26-0.5-51.1 6.3-74.3 22.6-77.1 93.5-133.8 177.6-134.8v-50.4c0-2.8 3.5-4.3 5.8-2.6l103.7 76.2c1.7 1.3 1.7 3.9 0 5.1l-103.6 76.2c-2.4 1.7-5.8 0.2-5.8-2.6v-50.3c-55.3 0.9-102.5 35-122.8 83.2-7.7 18.2-11.6 38.3-10.5 59.4 1.5 29 12.4 55.7 29.6 77.3 9.2 11.5 7 28.3-4.9 37-11.3 8.3-27.1 6-35.8-5-21.3-26.6-35.5-59-39.6-94.4zm299.4-96.8c17.3 21.5 28.2 48.3 29.6 77.3 1.1 21.2-2.9 41.3-10.5 59.4-20.3 48.2-67.5 82.4-122.8 83.2v-50.3c0-2.8-3.5-4.3-5.8-2.6l-103.7 76.2c-1.7 1.3-1.7 3.9 0 5.1l103.6 76.2c2.4 1.7 5.8 0.2 5.8-2.6v-50.4c84.1-0.9 155.1-57.6 177.6-134.8 6.8-23.2 9.2-48.3 6.3-74.3-4-35.4-18.2-67.8-39.5-94.4-8.8-11-24.5-13.3-35.8-5-11.8 8.7-14 25.5-4.8 37z\"\/><\/svg><\/span><\/span><\/div><\/div><\/div><\/div><\/div>\n<\/div><\/section>\n\n\n\n<section class=\"wp-block-uagb-columns uagb-columns__wrap uagb-columns__background-color uagb-columns__stack-mobile uagb-columns__valign-center uagb-columns__gap-0 alignfull uagb-block-d1ebcb18 section-podcast\"><div class=\"uagb-columns__overlay\"><\/div><div class=\"uagb-columns__inner-wrap uagb-columns__columns-2\">\n<div class=\"wp-block-uagb-column uagb-column__wrap uagb-column__background-undefined uagb-block-aa1d1cda\"><div class=\"uagb-column__overlay\"><\/div><div class=\"uagb-column__inner-wrap\"><div  class=\"wp-block-ultimate-post-image ultp-block-a15aa3\"><div class=\"ultp-block-wrapper\"><figure class=\"ultp-image-block-wrapper\"><div class=\"ultp-image-block ultp-image-block-none\"><img decoding=\"async\"  class=\"ultp-image\"  alt=\"Image\"  src=\"https:\/\/andennaturals.com\/blog\/wp-content\/uploads\/2021\/05\/webinar-banner.jpg\" \/><\/div><\/figure><\/div><\/div><\/div><\/div>\n\n\n\n<div class=\"wp-block-uagb-column uagb-column__wrap uagb-column__background-undefined uagb-block-f225f493\"><div class=\"uagb-column__overlay\"><\/div><div class=\"uagb-column__inner-wrap\">\n<div class=\"wp-block-coblocks-hero alignfull coblocks-hero-12765249213 mb-0 mt-0\"><div class=\"wp-block-coblocks-hero__inner hero-center-left-align has-padding has-left-content\" style=\"min-height:500px\"><div class=\"wp-block-coblocks-hero__content-wrapper\"><div class=\"wp-block-coblocks-hero__content\" style=\"max-width:540px\">\n<h2 class=\"has-white-color has-text-color wp-block-heading\"><strong>Anden Webinars<\/strong><\/h2>\n\n\n\n<p class=\"has-white-color has-text-color\">Conoce m\u00e1s sobre los beneficios del cannabis para uso medicinal en nuestra serie de webinars que hemos preparado para ti. <\/p>\n\n\n\n<div class=\"wp-block-coblocks-buttons\"><div class=\"wp-block-coblocks-buttons__inner flex-align-left\">\n<div class=\"wp-block-button arrow-right-icon is-style-outline\"><a class=\"wp-block-button__link has-white-color has-text-color no-border-radius\" href=\".\/category\/webinars\/\">Ver m\u00e1s<\/a><\/div>\n<\/div><\/div>\n<\/div><\/div><\/div><\/div>\n<\/div><\/div>\n<\/div><\/section>\n","protected":false},"excerpt":{"rendered":"","protected":false},"author":14,"featured_media":0,"parent":0,"menu_order":0,"comment_status":"closed","ping_status":"closed","template":"","meta":{"_coblocks_attr":"","_coblocks_dimensions":"{\"coblocks-hero-1276414075\":{\"padding\":{}},\"coblocks-hero-12765249213\":{\"padding\":{\"paddingTop\":\"0px\",\"paddingRight\":\"0px\",\"paddingBottom\":\"0px\",\"paddingLeft\":\"80px\",\"paddingTopTablet\":null,\"paddingRightTablet\":null,\"paddingBottomTablet\":null,\"paddingLeftTablet\":null,\"paddingTopMobile\":null,\"paddingRightMobile\":null,\"paddingBottomMobile\":null,\"paddingLeftMobile\":null}}}","_coblocks_responsive_height":"","_coblocks_accordion_ie_support":"","_uag_custom_page_level_css":"","episode_type":"","audio_file":"","cover_image":"","cover_image_id":"","duration":"","filesize":"","date_recorded":"","explicit":"","block":"","filesize_raw":"","footnotes":""},"yoast_head":"<!-- This site is optimized with the Yoast SEO plugin v21.3 - https:\/\/yoast.com\/wordpress\/plugins\/seo\/ -->\n<title>Anden - Naturals<\/title>\n<meta name=\"description\" content=\"Donec rutrum congue leo eget malesuada. Mauris blandit aliquet elit, eget tincidunt nibh pulvinar a. Vestibulum ante ipsum primis in faucibus orci luctus.\" \/>\n<meta name=\"robots\" content=\"index, follow, max-snippet:-1, max-image-preview:large, max-video-preview:-1\" \/>\n<link rel=\"canonical\" href=\"https:\/\/andennaturals.com\/blog\/\" \/>\n<meta property=\"og:locale\" content=\"es_ES\" \/>\n<meta property=\"og:type\" content=\"article\" \/>\n<meta property=\"og:title\" content=\"Anden - Naturals\" \/>\n<meta property=\"og:description\" content=\"Donec rutrum congue leo eget malesuada. Mauris blandit aliquet elit, eget tincidunt nibh pulvinar a. Vestibulum ante ipsum primis in faucibus orci luctus.\" \/>\n<meta property=\"og:url\" content=\"https:\/\/andennaturals.com\/blog\/\" \/>\n<meta property=\"og:site_name\" content=\"ANDEN - Naturals\" \/>\n<meta property=\"article:modified_time\" content=\"2021-12-27T22:46:30+00:00\" \/>\n<meta name=\"twitter:card\" content=\"summary_large_image\" \/>\n<meta name=\"twitter:label1\" content=\"Tiempo de lectura\" \/>\n\t<meta name=\"twitter:data1\" content=\"1 minuto\" \/>\n<script type=\"application\/ld+json\" class=\"yoast-schema-graph\">{\"@context\":\"https:\/\/schema.org\",\"@graph\":[{\"@type\":\"WebPage\",\"@id\":\"https:\/\/andennaturals.com\/blog\/\",\"url\":\"https:\/\/andennaturals.com\/blog\/\",\"name\":\"Anden - Naturals\",\"isPartOf\":{\"@id\":\"https:\/\/andennaturals.com\/blog\/#website\"},\"datePublished\":\"2020-02-22T17:26:56+00:00\",\"dateModified\":\"2021-12-27T22:46:30+00:00\",\"description\":\"Donec rutrum congue leo eget malesuada. Mauris blandit aliquet elit, eget tincidunt nibh pulvinar a. Vestibulum ante ipsum primis in faucibus orci luctus.\",\"breadcrumb\":{\"@id\":\"https:\/\/andennaturals.com\/blog\/#breadcrumb\"},\"inLanguage\":\"es\",\"potentialAction\":[{\"@type\":\"ReadAction\",\"target\":[\"https:\/\/andennaturals.com\/blog\/\"]}]},{\"@type\":\"BreadcrumbList\",\"@id\":\"https:\/\/andennaturals.com\/blog\/#breadcrumb\",\"itemListElement\":[{\"@type\":\"ListItem\",\"position\":1,\"name\":\"Inicio\",\"item\":\"https:\/\/andennaturals.com\/blog\/\"},{\"@type\":\"ListItem\",\"position\":2,\"name\":\"Inicio\"}]},{\"@type\":\"WebSite\",\"@id\":\"https:\/\/andennaturals.com\/blog\/#website\",\"url\":\"https:\/\/andennaturals.com\/blog\/\",\"name\":\"ANDEN - Naturals\",\"description\":\"Una descripci\u00f3n del sitio web\",\"publisher\":{\"@id\":\"https:\/\/andennaturals.com\/blog\/#organization\"},\"potentialAction\":[{\"@type\":\"SearchAction\",\"target\":{\"@type\":\"EntryPoint\",\"urlTemplate\":\"https:\/\/andennaturals.com\/blog\/?s={search_term_string}\"},\"query-input\":\"required name=search_term_string\"}],\"inLanguage\":\"es\"},{\"@type\":\"Organization\",\"@id\":\"https:\/\/andennaturals.com\/blog\/#organization\",\"name\":\"ANDEN - Naturals\",\"url\":\"https:\/\/andennaturals.com\/blog\/\",\"logo\":{\"@type\":\"ImageObject\",\"inLanguage\":\"es\",\"@id\":\"https:\/\/andennaturals.com\/blog\/#\/schema\/logo\/image\/\",\"url\":\"https:\/\/andennaturals.com\/blog\/wp-content\/uploads\/2021\/04\/logo.svg\",\"contentUrl\":\"https:\/\/andennaturals.com\/blog\/wp-content\/uploads\/2021\/04\/logo.svg\",\"caption\":\"ANDEN - Naturals\"},\"image\":{\"@id\":\"https:\/\/andennaturals.com\/blog\/#\/schema\/logo\/image\/\"}}]}<\/script>\n<!-- \/ Yoast SEO plugin. -->","yoast_head_json":{"title":"Anden - Naturals","description":"Donec rutrum congue leo eget malesuada. Mauris blandit aliquet elit, eget tincidunt nibh pulvinar a. Vestibulum ante ipsum primis in faucibus orci luctus.","robots":{"index":"index","follow":"follow","max-snippet":"max-snippet:-1","max-image-preview":"max-image-preview:large","max-video-preview":"max-video-preview:-1"},"canonical":"https:\/\/andennaturals.com\/blog\/","og_locale":"es_ES","og_type":"article","og_title":"Anden - Naturals","og_description":"Donec rutrum congue leo eget malesuada. Mauris blandit aliquet elit, eget tincidunt nibh pulvinar a. Vestibulum ante ipsum primis in faucibus orci luctus.","og_url":"https:\/\/andennaturals.com\/blog\/","og_site_name":"ANDEN - Naturals","article_modified_time":"2021-12-27T22:46:30+00:00","twitter_card":"summary_large_image","twitter_misc":{"Tiempo de lectura":"1 minuto"},"schema":{"@context":"https:\/\/schema.org","@graph":[{"@type":"WebPage","@id":"https:\/\/andennaturals.com\/blog\/","url":"https:\/\/andennaturals.com\/blog\/","name":"Anden - Naturals","isPartOf":{"@id":"https:\/\/andennaturals.com\/blog\/#website"},"datePublished":"2020-02-22T17:26:56+00:00","dateModified":"2021-12-27T22:46:30+00:00","description":"Donec rutrum congue leo eget malesuada. Mauris blandit aliquet elit, eget tincidunt nibh pulvinar a. Vestibulum ante ipsum primis in faucibus orci luctus.","breadcrumb":{"@id":"https:\/\/andennaturals.com\/blog\/#breadcrumb"},"inLanguage":"es","potentialAction":[{"@type":"ReadAction","target":["https:\/\/andennaturals.com\/blog\/"]}]},{"@type":"BreadcrumbList","@id":"https:\/\/andennaturals.com\/blog\/#breadcrumb","itemListElement":[{"@type":"ListItem","position":1,"name":"Inicio","item":"https:\/\/andennaturals.com\/blog\/"},{"@type":"ListItem","position":2,"name":"Inicio"}]},{"@type":"WebSite","@id":"https:\/\/andennaturals.com\/blog\/#website","url":"https:\/\/andennaturals.com\/blog\/","name":"ANDEN - Naturals","description":"Una descripci\u00f3n del sitio web","publisher":{"@id":"https:\/\/andennaturals.com\/blog\/#organization"},"potentialAction":[{"@type":"SearchAction","target":{"@type":"EntryPoint","urlTemplate":"https:\/\/andennaturals.com\/blog\/?s={search_term_string}"},"query-input":"required name=search_term_string"}],"inLanguage":"es"},{"@type":"Organization","@id":"https:\/\/andennaturals.com\/blog\/#organization","name":"ANDEN - Naturals","url":"https:\/\/andennaturals.com\/blog\/","logo":{"@type":"ImageObject","inLanguage":"es","@id":"https:\/\/andennaturals.com\/blog\/#\/schema\/logo\/image\/","url":"https:\/\/andennaturals.com\/blog\/wp-content\/uploads\/2021\/04\/logo.svg","contentUrl":"https:\/\/andennaturals.com\/blog\/wp-content\/uploads\/2021\/04\/logo.svg","caption":"ANDEN - Naturals"},"image":{"@id":"https:\/\/andennaturals.com\/blog\/#\/schema\/logo\/image\/"}}]}},"uagb_featured_image_src":{"full":false,"thumbnail":false,"medium":false,"medium_large":false,"large":false,"1536x1536":false,"2048x2048":false,"ultp_layout_landscape_large":false,"ultp_layout_landscape":false,"ultp_layout_portrait":false,"ultp_layout_square":false,"authorship-box-avatar":false,"authorship-box-related":false,"hestia-blog":false},"uagb_author_info":{"display_name":"anden","author_link":"https:\/\/andennaturals.com\/blog\/author\/anden\/"},"uagb_comment_info":0,"uagb_excerpt":null,"_links":{"self":[{"href":"https:\/\/andennaturals.com\/blog\/wp-json\/wp\/v2\/pages\/11"}],"collection":[{"href":"https:\/\/andennaturals.com\/blog\/wp-json\/wp\/v2\/pages"}],"about":[{"href":"https:\/\/andennaturals.com\/blog\/wp-json\/wp\/v2\/types\/page"}],"author":[{"embeddable":true,"href":"https:\/\/andennaturals.com\/blog\/wp-json\/wp\/v2\/users\/14"}],"replies":[{"embeddable":true,"href":"https:\/\/andennaturals.com\/blog\/wp-json\/wp\/v2\/comments?post=11"}],"version-history":[{"count":23,"href":"https:\/\/andennaturals.com\/blog\/wp-json\/wp\/v2\/pages\/11\/revisions"}],"predecessor-version":[{"id":2133,"href":"https:\/\/andennaturals.com\/blog\/wp-json\/wp\/v2\/pages\/11\/revisions\/2133"}],"wp:attachment":[{"href":"https:\/\/andennaturals.com\/blog\/wp-json\/wp\/v2\/media?parent=11"}],"curies":[{"name":"wp","href":"https:\/\/api.w.org\/{rel}","templated":true}]}}